{"id":36,"date":"2024-05-24T02:19:24","date_gmt":"2024-05-24T02:19:24","guid":{"rendered":"https:\/\/gaviaspreview.com\/wp\/consilox\/?page_id=36"},"modified":"2025-12-08T16:24:27","modified_gmt":"2025-12-08T13:24:27","slug":"kalite-yonetimi","status":"publish","type":"page","link":"https:\/\/meelcsteel.com\/index.php\/kalite-yonetimi\/","title":{"rendered":"Kalite Y\u00f6netimi"},"content":{"rendered":"\t\t<div data-elementor-type=\"wp-page\" data-elementor-id=\"36\" class=\"elementor elementor-36\">\n\t\t\t\t<div class=\"elementor-element elementor-element-63d99ab e-con-full e-flex e-con e-parent\" data-id=\"63d99ab\" data-element_type=\"container\" data-e-type=\"container\" data-settings=\"{&quot;background_background&quot;:&quot;slideshow&quot;,&quot;background_slideshow_gallery&quot;:[{&quot;id&quot;:97,&quot;url&quot;:&quot;https:\\\/\\\/gaviaspreview.com\\\/wp\\\/consilox\\\/wp-content\\\/uploads\\\/2024\\\/05\\\/breadcrumb-02.jpg&quot;},{&quot;id&quot;:94,&quot;url&quot;:&quot;https:\\\/\\\/gaviaspreview.com\\\/wp\\\/consilox\\\/wp-content\\\/uploads\\\/2024\\\/05\\\/breadcrumb-01.jpg&quot;}],&quot;background_slideshow_ken_burns&quot;:&quot;yes&quot;,&quot;background_slideshow_ken_burns_zoom_direction&quot;:&quot;out&quot;,&quot;background_slideshow_loop&quot;:&quot;yes&quot;,&quot;background_slideshow_slide_duration&quot;:5000,&quot;background_slideshow_slide_transition&quot;:&quot;fade&quot;,&quot;background_slideshow_transition_duration&quot;:500}\">\n\t\t<div class=\"elementor-element elementor-element-fc3b251 e-con-full e-flex e-con e-child\" data-id=\"fc3b251\" data-element_type=\"container\" data-e-type=\"container\">\n\t\t\t\t<div class=\"elementor-element elementor-element-7dbc6fc elementor-widget elementor-widget-gva-heading-block\" data-id=\"7dbc6fc\" data-element_type=\"widget\" data-e-type=\"widget\" data-widget_type=\"gva-heading-block.default\">\n\t\t\t\t<div class=\"elementor-widget-container\">\n\t\t\t\t\t<div class=\"gva-element-gva-heading-block gva-element\">   <div class=\"align-center style-1 widget gsc-heading box-align-left auto-responsive\">\r\n      <div class=\"content-inner\">\r\n         \r\n                  \r\n           \r\n         \r\n                     <h2 class=\"title \">\r\n               <span>MEELC STEEL<\/span>\r\n            <\/h2>\r\n                  \r\n                     <div class=\"title-desc\">Y\u00fcksek Teknoloji, Y\u00fcksek Dayan\u0131kl\u0131l\u0131k<\/div>\r\n         \r\n         \r\n      <\/div>\r\n   <\/div>\r\n<\/div>\t\t\t\t<\/div>\n\t\t\t\t<\/div>\n\t\t\t\t<\/div>\n\t\t\t\t<\/div>\n\t\t<div class=\"elementor-element elementor-element-9204c0e e-flex e-con-boxed e-con e-parent\" data-id=\"9204c0e\" data-element_type=\"container\" data-e-type=\"container\">\n\t\t\t\t\t<div class=\"e-con-inner\">\n\t\t<div class=\"elementor-element elementor-element-8af5b38 e-con-full e-flex e-con e-child\" data-id=\"8af5b38\" data-element_type=\"container\" data-e-type=\"container\">\n\t\t\t\t<div class=\"elementor-element elementor-element-89b7e32 elementor-widget elementor-widget-gva-heading-block\" data-id=\"89b7e32\" data-element_type=\"widget\" data-e-type=\"widget\" data-widget_type=\"gva-heading-block.default\">\n\t\t\t\t<div class=\"elementor-widget-container\">\n\t\t\t\t\t<div class=\"gva-element-gva-heading-block gva-element\">   <div class=\"align-left style-1 widget gsc-heading box-align-left auto-responsive\">\r\n      <div class=\"content-inner\">\r\n         \r\n                  \r\n         <div class=\"sub-title\"><span class=\"tagline\">Meelc Steel<\/span><\/div>  \r\n         \r\n                     <h2 class=\"title \">\r\n               <span>Kalite Y\u00f6netimi<\/span>\r\n            <\/h2>\r\n                  \r\n                     <div class=\"title-desc\">Meelc Steel olarak, \u00e7elik sekt\u00f6r\u00fcnde s\u00fcrd\u00fcr\u00fclebilir ba\u015far\u0131ya ula\u015fman\u0131n temelinin kalite, g\u00fcven ve s\u00fcrekli iyile\u015ftirme oldu\u011funa inan\u0131yoruz. \u00dcretti\u011fimiz her kutu profil, lama, sac, boru ve konstr\u00fcksiyon \u00e7eli\u011fi \u00fcr\u00fcn\u00fc; uluslararas\u0131 standartlar, m\u00fc\u015fteri beklentileri ve m\u00fchendislik prensipleri do\u011frultusunda titizlikle \u00fcretilir.<\/div>\r\n         \r\n         \r\n      <\/div>\r\n   <\/div>\r\n<\/div>\t\t\t\t<\/div>\n\t\t\t\t<\/div>\n\t\t\t\t<div class=\"elementor-element elementor-element-069acc0 elementor-icon-list--layout-traditional elementor-list-item-link-full_width elementor-widget elementor-widget-icon-list\" data-id=\"069acc0\" data-element_type=\"widget\" data-e-type=\"widget\" data-widget_type=\"icon-list.default\">\n\t\t\t\t<div class=\"elementor-widget-container\">\n\t\t\t\t\t\t\t<ul class=\"elementor-icon-list-items\">\n\t\t\t\t\t\t\t<li class=\"elementor-icon-list-item\">\n\t\t\t\t\t\t\t\t\t\t\t<span class=\"elementor-icon-list-icon\">\n\t\t\t\t\t\t\t<i aria-hidden=\"true\" class=\"fas fa-check-circle\"><\/i>\t\t\t\t\t\t<\/span>\n\t\t\t\t\t\t\t\t\t\t<span class=\"elementor-icon-list-text\">\u00dcretim teknolojilerimizi yenilemeye,<\/span>\n\t\t\t\t\t\t\t\t\t<\/li>\n\t\t\t\t\t\t\t\t<li class=\"elementor-icon-list-item\">\n\t\t\t\t\t\t\t\t\t\t\t<span class=\"elementor-icon-list-icon\">\n\t\t\t\t\t\t\t<i aria-hidden=\"true\" class=\"fas fa-check-circle\"><\/i>\t\t\t\t\t\t<\/span>\n\t\t\t\t\t\t\t\t\t\t<span class=\"elementor-icon-list-text\">S\u00fcre\u00e7lerimizi s\u00fcrekli geli\u015ftirmeye,<\/span>\n\t\t\t\t\t\t\t\t\t<\/li>\n\t\t\t\t\t\t\t\t<li class=\"elementor-icon-list-item\">\n\t\t\t\t\t\t\t\t\t\t\t<span class=\"elementor-icon-list-icon\">\n\t\t\t\t\t\t\t<i aria-hidden=\"true\" class=\"fas fa-check-circle\"><\/i>\t\t\t\t\t\t<\/span>\n\t\t\t\t\t\t\t\t\t\t<span class=\"elementor-icon-list-text\">\u00c7al\u0131\u015fanlar\u0131m\u0131z\u0131 g\u00fc\u00e7lendirmeye,<\/span>\n\t\t\t\t\t\t\t\t\t<\/li>\n\t\t\t\t\t\t\t\t<li class=\"elementor-icon-list-item\">\n\t\t\t\t\t\t\t\t\t\t\t<span class=\"elementor-icon-list-icon\">\n\t\t\t\t\t\t\t<i aria-hidden=\"true\" class=\"fas fa-check-circle\"><\/i>\t\t\t\t\t\t<\/span>\n\t\t\t\t\t\t\t\t\t\t<span class=\"elementor-icon-list-text\">M\u00fc\u015fterilerimize en y\u00fcksek standartlarda \u00fcr\u00fcn sunmaya devam edece\u011fiz.<\/span>\n\t\t\t\t\t\t\t\t\t<\/li>\n\t\t\t\t\t\t<\/ul>\n\t\t\t\t\t\t<\/div>\n\t\t\t\t<\/div>\n\t\t\t\t<\/div>\n\t\t<div class=\"elementor-element elementor-element-4bda1f8 e-con-full e-flex e-con e-child\" data-id=\"4bda1f8\" data-element_type=\"container\" data-e-type=\"container\" data-settings=\"{&quot;background_background&quot;:&quot;classic&quot;}\">\n\t\t\t\t<div class=\"elementor-element elementor-element-38ea10e elementor-widget elementor-widget-spacer\" data-id=\"38ea10e\" data-element_type=\"widget\" data-e-type=\"widget\" data-widget_type=\"spacer.default\">\n\t\t\t\t<div class=\"elementor-widget-container\">\n\t\t\t\t\t\t\t<div class=\"elementor-spacer\">\n\t\t\t<div class=\"elementor-spacer-inner\"><\/div>\n\t\t<\/div>\n\t\t\t\t\t\t<\/div>\n\t\t\t\t<\/div>\n\t\t\t\t<\/div>\n\t\t<div class=\"elementor-element elementor-element-e2b05b2 e-con-full e-flex e-con e-child\" data-id=\"e2b05b2\" data-element_type=\"container\" data-e-type=\"container\">\n\t\t\t\t<div class=\"elementor-element elementor-element-bddc12c align-right elementor-widget elementor-widget-gva-counter\" data-id=\"bddc12c\" data-element_type=\"widget\" data-e-type=\"widget\" data-widget_type=\"gva-counter.default\">\n\t\t\t\t<div class=\"elementor-widget-container\">\n\t\t\t\t\t<div class=\"gva-element-gva-counter gva-element\">\r\n   \r\n         <div class=\"milestone-two__single\">\r\n                  <div class=\"milestone-two__content\">\r\n            <div class=\"milestone-two__number\">\r\n               <span class=\"milestone-number\" data-duration=\"3800\" data-to-value=\"99\" data-from-value=\"0\" data-delimiter=\",\"><\/span><span class=\"symbol after\">%<\/span>            <\/div>\r\n            <div class=\"milestone-two__title\">Uluslarars\u0131 <br>\u2028Sevkiyat<\/div>         <\/div>\r\n               <\/div> \r\n   \r\n      <\/div>\t\t\t\t<\/div>\n\t\t\t\t<\/div>\n\t\t\t\t<div class=\"elementor-element elementor-element-029760b align-right elementor-widget elementor-widget-gva-counter\" data-id=\"029760b\" data-element_type=\"widget\" data-e-type=\"widget\" data-widget_type=\"gva-counter.default\">\n\t\t\t\t<div class=\"elementor-widget-container\">\n\t\t\t\t\t<div class=\"gva-element-gva-counter gva-element\">\r\n   \r\n         <div class=\"milestone-two__single\">\r\n                  <div class=\"milestone-two__content\">\r\n            <div class=\"milestone-two__number\">\r\n               <span class=\"milestone-number\" data-duration=\"3800\" data-to-value=\"87\" data-from-value=\"0\" data-delimiter=\",\"><\/span><span class=\"symbol after\">%<\/span>            <\/div>\r\n            <div class=\"milestone-two__title\">M\u00fc\u015fteri<br>Memeniyeti<\/div>         <\/div>\r\n               <\/div> \r\n   \r\n      <\/div>\t\t\t\t<\/div>\n\t\t\t\t<\/div>\n\t\t\t\t<div class=\"elementor-element elementor-element-0b16076 align-right elementor-widget elementor-widget-gva-counter\" data-id=\"0b16076\" data-element_type=\"widget\" data-e-type=\"widget\" data-widget_type=\"gva-counter.default\">\n\t\t\t\t<div class=\"elementor-widget-container\">\n\t\t\t\t\t<div class=\"gva-element-gva-counter gva-element\">\r\n   \r\n         <div class=\"milestone-two__single\">\r\n                  <div class=\"milestone-two__content\">\r\n            <div class=\"milestone-two__number\">\r\n               <span class=\"milestone-number\" data-duration=\"3800\" data-to-value=\"98\" data-from-value=\"0\" data-delimiter=\",\"><\/span><span class=\"symbol after\">%<\/span>            <\/div>\r\n            <div class=\"milestone-two__title\">\u00dcretim<br>Kalitesi<\/div>         <\/div>\r\n               <\/div> \r\n   \r\n      <\/div>\t\t\t\t<\/div>\n\t\t\t\t<\/div>\n\t\t\t\t<\/div>\n\t\t\t\t\t<\/div>\n\t\t\t\t<\/div>\n\t\t<div class=\"elementor-element elementor-element-51dca78 e-flex e-con-boxed e-con e-parent\" data-id=\"51dca78\" data-element_type=\"container\" data-e-type=\"container\">\n\t\t\t\t\t<div class=\"e-con-inner\">\n\t\t<div class=\"elementor-element elementor-element-b32a415 e-con-full e-flex e-con e-child\" data-id=\"b32a415\" data-element_type=\"container\" data-e-type=\"container\">\n\t\t\t\t<div class=\"elementor-element elementor-element-f732280 elementor-widget elementor-widget-text-editor\" data-id=\"f732280\" data-element_type=\"widget\" data-e-type=\"widget\" data-widget_type=\"text-editor.default\">\n\t\t\t\t<div class=\"elementor-widget-container\">\n\t\t\t\t\t\t\t\t\t<p><strong>Meelc Steel \u2013 Kalite Y\u00f6netimi Politikas\u0131<\/strong><\/p><p>Meelc Steel olarak, \u00e7elik sekt\u00f6r\u00fcnde s\u00fcrd\u00fcr\u00fclebilir ba\u015far\u0131ya ula\u015fman\u0131n temelinin <strong>kalite, g\u00fcven ve s\u00fcrekli iyile\u015ftirme<\/strong> oldu\u011funa inan\u0131yoruz. \u00dcretti\u011fimiz her kutu profil, lama, sac, boru ve konstr\u00fcksiyon \u00e7eli\u011fi \u00fcr\u00fcn\u00fc; uluslararas\u0131 standartlar, m\u00fc\u015fteri beklentileri ve m\u00fchendislik prensipleri do\u011frultusunda titizlikle \u00fcretilir.<\/p><p><strong>Kalite Anlay\u0131\u015f\u0131m\u0131z\u0131n Temel \u0130lkeleri<\/strong><\/p><ol><li><strong> Uluslararas\u0131 Standartlara Uygun \u00dcretim<\/strong><\/li><\/ol><p>T\u00fcm \u00fcretim s\u00fcre\u00e7lerimiz; ISO 9001 ba\u015fta olmak \u00fczere ilgili kalite y\u00f6netim sistemlerine uyumlu \u015fekilde y\u00fcr\u00fct\u00fcl\u00fcr. Meelc Steel, hammadde giri\u015finden sevkiyata kadar her a\u015famada standartlara ba\u011fl\u0131 kalarak y\u00fcksek performansl\u0131 \u00fcr\u00fcnler \u00fcretir.<\/p><ol start=\"2\"><li><strong> Tam \u0130zlenebilirlik ve S\u00fcre\u00e7 Kontrol\u00fc<\/strong><\/li><\/ol><p>\u00dcr\u00fcnlerimiz, \u00fcretim s\u00fcrecinin her ad\u0131m\u0131nda dijital ve manuel kalite kontrol prosed\u00fcrlerinden ge\u00e7er. Malzeme sertifikalar\u0131, \u00f6l\u00e7\u00fc kontrolleri, mekanik testler ve y\u00fczey analizleri ile her \u00fcr\u00fcn\u00fcn izlenebilirli\u011fi sa\u011flan\u0131r.<\/p><ol start=\"3\"><li><strong> Teknoloji Odakl\u0131 \u00dcretim<\/strong><\/li><\/ol><p>Modern \u00fcretim parkurumuz; otomasyon sistemleri, y\u00fcksek hassasiyetli makineler ve geli\u015fmi\u015f \u00f6l\u00e7\u00fcm ekipmanlar\u0131yla desteklenmektedir. Bu sayede \u00f6l\u00e7\u00fc do\u011frulu\u011fu y\u00fcksek, y\u00fczey kalitesi \u00fcst\u00fcn ve dayan\u0131kl\u0131l\u0131k seviyesi maksimum \u00fcr\u00fcnler sunar\u0131z.<\/p><ol start=\"4\"><li><strong> S\u00fcrekli \u0130yile\u015ftirme ve AR-GE<\/strong><\/li><\/ol><p>Meelc Steel, kaliteyi geli\u015ftirmek i\u00e7in s\u00fcrekli analiz, raporlama ve geri bildirim mekanizmalar\u0131n\u0131 etkin \u015fekilde kullan\u0131r. AR-GE \u00e7al\u0131\u015fmalar\u0131m\u0131z ile daha dayan\u0131kl\u0131, daha verimli ve daha ekonomik \u00e7elik \u00fcr\u00fcnleri geli\u015ftirmeye devam ederiz.<\/p><p>.<\/p>\t\t\t\t\t\t\t\t<\/div>\n\t\t\t\t<\/div>\n\t\t\t\t<\/div>\n\t\t<div class=\"elementor-element elementor-element-86e344c e-con-full e-flex e-con e-child\" data-id=\"86e344c\" data-element_type=\"container\" data-e-type=\"container\">\n\t\t\t\t<div class=\"elementor-element elementor-element-2208591 elementor-widget elementor-widget-text-editor\" data-id=\"2208591\" data-element_type=\"widget\" data-e-type=\"widget\" data-widget_type=\"text-editor.default\">\n\t\t\t\t<div class=\"elementor-widget-container\">\n\t\t\t\t\t\t\t\t\t<ol start=\"5\"><li><strong> Nitelikli ve E\u011fitimli \u0130\u015f G\u00fcc\u00fc<\/strong><\/li><\/ol><p>Kalitenin temeli insan kayna\u011f\u0131d\u0131r. \u00dcretim, m\u00fchendislik ve kalite kontrol ekiplerimiz d\u00fczenli e\u011fitimlerle g\u00fcncel teknoloji, \u00fcretim ve kalite standartlar\u0131n\u0131 yak\u0131ndan takip eder. Her \u00e7al\u0131\u015fan\u0131m\u0131z Meelc Steel kalite k\u00fclt\u00fcr\u00fcn\u00fc benimser.<\/p><ol start=\"6\"><li><strong> M\u00fc\u015fteri Odakl\u0131l\u0131k<\/strong><\/li><\/ol><p>Sundu\u011fumuz t\u00fcm \u00fcr\u00fcn ve hizmetlerde m\u00fc\u015fteri memnuniyetini esas al\u0131r\u0131z. \u0130htiyaca \u00f6zel \u00e7\u00f6z\u00fcmler, h\u0131zl\u0131 teslimat s\u00fcre\u00e7leri ve teknik destek yakla\u015f\u0131m\u0131m\u0131z ile i\u015f ortaklar\u0131m\u0131za g\u00fcven veren bir \u00fcretim anlay\u0131\u015f\u0131n\u0131 s\u00fcrd\u00fcr\u00fcyoruz.<\/p><ol start=\"7\"><li><strong> \u00c7evre ve \u0130\u015f G\u00fcvenli\u011fi Bilinci<\/strong><\/li><\/ol><p>Kalite y\u00f6netimimiz; \u00e7evreye duyarl\u0131 \u00fcretim, enerji verimlili\u011fi ve i\u015f g\u00fcvenli\u011fi standartlar\u0131yla b\u00fct\u00fcnle\u015fiktir. S\u00fcrd\u00fcr\u00fclebilir \u00fcretim anlay\u0131\u015f\u0131n\u0131 t\u00fcm s\u00fcre\u00e7lerimizde uygulayarak sekt\u00f6re \u00f6rnek olmay\u0131 hedefliyoruz.<\/p><p><strong>Kalite Taahh\u00fcd\u00fcm\u00fcz<\/strong><\/p><p>Meelc Steel olarak taahh\u00fcd\u00fcm\u00fcz;<br \/><strong>&#8220;Her zaman daha iyi \u00fcretmek, daha g\u00fcvenilir \u00fcr\u00fcnler sunmak ve \u00e7elik sekt\u00f6r\u00fcnde kaliteyi bir ad\u0131m ileri ta\u015f\u0131makt\u0131r.&#8221;<\/strong><\/p><p>Bu do\u011frultuda;<\/p><p>\u00fcretim teknolojilerimizi yenilemeye,<\/p><p>s\u00fcre\u00e7lerimizi s\u00fcrekli geli\u015ftirmeye,<\/p><p>\u00e7al\u0131\u015fanlar\u0131m\u0131z\u0131 g\u00fc\u00e7lendirmeye,<\/p><p>m\u00fc\u015fterilerimize en y\u00fcksek standartlarda \u00fcr\u00fcn sunmaya<br \/>devam edece\u011fiz.<\/p>\t\t\t\t\t\t\t\t<\/div>\n\t\t\t\t<\/div>\n\t\t\t\t<\/div>\n\t\t\t\t\t<\/div>\n\t\t\t\t<\/div>\n\t\t\t\t<\/div>\n\t\t","protected":false},"excerpt":{"rendered":"<p>MEELC STEEL Y\u00fcksek Teknoloji, Y\u00fcksek Dayan\u0131kl\u0131l\u0131k Meelc Steel Kalite Y\u00f6netimi Meelc Steel olarak, \u00e7elik sekt\u00f6r\u00fcnde s\u00fcrd\u00fcr\u00fclebilir ba\u015far\u0131ya ula\u015fman\u0131n temelinin kalite, g\u00fcven ve s\u00fcrekli iyile\u015ftirme oldu\u011funa inan\u0131yoruz. \u00dcretti\u011fimiz her kutu profil, [&hellip;]<\/p>\n","protected":false},"author":1,"featured_media":0,"parent":0,"menu_order":0,"comment_status":"closed","ping_status":"closed","template":"","meta":{"footnotes":""},"class_list":["post-36","page","type-page","status-publish","hentry"],"_links":{"self":[{"href":"https:\/\/meelcsteel.com\/index.php\/wp-json\/wp\/v2\/pages\/36","targetHints":{"allow":["GET"]}}],"collection":[{"href":"https:\/\/meelcsteel.com\/index.php\/wp-json\/wp\/v2\/pages"}],"about":[{"href":"https:\/\/meelcsteel.com\/index.php\/wp-json\/wp\/v2\/types\/page"}],"author":[{"embeddable":true,"href":"https:\/\/meelcsteel.com\/index.php\/wp-json\/wp\/v2\/users\/1"}],"replies":[{"embeddable":true,"href":"https:\/\/meelcsteel.com\/index.php\/wp-json\/wp\/v2\/comments?post=36"}],"version-history":[{"count":7,"href":"https:\/\/meelcsteel.com\/index.php\/wp-json\/wp\/v2\/pages\/36\/revisions"}],"predecessor-version":[{"id":604,"href":"https:\/\/meelcsteel.com\/index.php\/wp-json\/wp\/v2\/pages\/36\/revisions\/604"}],"wp:attachment":[{"href":"https:\/\/meelcsteel.com\/index.php\/wp-json\/wp\/v2\/media?parent=36"}],"curies":[{"name":"wp","href":"https:\/\/api.w.org\/{rel}","templated":true}]}}