{"id":552,"date":"2025-12-08T15:09:43","date_gmt":"2025-12-08T12:09:43","guid":{"rendered":"https:\/\/meelcsteel.com\/?page_id=552"},"modified":"2026-01-16T17:47:35","modified_gmt":"2026-01-16T14:47:35","slug":"celik-levha-celik-bobin","status":"publish","type":"page","link":"https:\/\/meelcsteel.com\/index.php\/celik-levha-celik-bobin\/","title":{"rendered":"\u00c7EL\u0130K LEVHA\/\u00c7EL\u0130K BOB\u0130N"},"content":{"rendered":"\t\t<div data-elementor-type=\"wp-page\" data-elementor-id=\"552\" class=\"elementor elementor-552\">\n\t\t\t\t<div class=\"elementor-element elementor-element-0e12eb4 e-flex e-con-boxed e-con e-parent\" data-id=\"0e12eb4\" data-element_type=\"container\" data-e-type=\"container\">\n\t\t\t\t\t<div class=\"e-con-inner\">\n\t\t<div class=\"elementor-element elementor-element-fd00a77 e-con-full e-flex e-con e-child\" data-id=\"fd00a77\" data-element_type=\"container\" data-e-type=\"container\">\n\t\t\t\t<div class=\"elementor-element elementor-element-ea3cfe3 elementor-widget elementor-widget-image\" data-id=\"ea3cfe3\" data-element_type=\"widget\" data-e-type=\"widget\" data-widget_type=\"image.default\">\n\t\t\t\t<div class=\"elementor-widget-container\">\n\t\t\t\t\t\t\t\t\t\t\t\t\t\t\t\t<a href=\"https:\/\/meelcsteel.com\/wp-content\/uploads\/2025\/12\/CELIK-LEVHA-CELIK-BOBIN-3-1.jpg\" data-elementor-open-lightbox=\"yes\" data-elementor-lightbox-title=\"\u00c7EL\u0130K LEVHA \u00c7EL\u0130K BOB\u0130N-3\" data-e-action-hash=\"#elementor-action%3Aaction%3Dlightbox%26settings%3DeyJpZCI6ODA3LCJ1cmwiOiJodHRwczpcL1wvbWVlbGNzdGVlbC5jb21cL3dwLWNvbnRlbnRcL3VwbG9hZHNcLzIwMjVcLzEyXC9DRUxJSy1MRVZIQS1DRUxJSy1CT0JJTi0zLTEuanBnIn0%3D\">\n\t\t\t\t\t\t\t<img fetchpriority=\"high\" decoding=\"async\" width=\"900\" height=\"345\" src=\"https:\/\/meelcsteel.com\/wp-content\/uploads\/2025\/12\/CELIK-LEVHA-CELIK-BOBIN-3-1.jpg\" class=\"attachment-large size-large wp-image-807\" alt=\"\" srcset=\"https:\/\/meelcsteel.com\/wp-content\/uploads\/2025\/12\/CELIK-LEVHA-CELIK-BOBIN-3-1.jpg 1024w, https:\/\/meelcsteel.com\/wp-content\/uploads\/2025\/12\/CELIK-LEVHA-CELIK-BOBIN-3-1-768x295.jpg 768w\" sizes=\"(max-width: 900px) 100vw, 900px\" \/>\t\t\t\t\t\t\t\t<\/a>\n\t\t\t\t\t\t\t\t\t\t\t\t\t\t\t<\/div>\n\t\t\t\t<\/div>\n\t\t\t\t<\/div>\n\t\t<div class=\"elementor-element elementor-element-483c1cb e-con-full e-flex e-con e-child\" data-id=\"483c1cb\" data-element_type=\"container\" data-e-type=\"container\">\n\t\t\t\t<div class=\"elementor-element elementor-element-94ee926 elementor-widget elementor-widget-image\" data-id=\"94ee926\" data-element_type=\"widget\" data-e-type=\"widget\" data-widget_type=\"image.default\">\n\t\t\t\t<div class=\"elementor-widget-container\">\n\t\t\t\t\t\t\t\t\t\t\t\t\t\t\t\t<a href=\"https:\/\/meelcsteel.com\/wp-content\/uploads\/2025\/12\/CELIK-LEVHA-CELIK-BOBIN-2-scaled.jpg\" data-elementor-open-lightbox=\"yes\" data-elementor-lightbox-title=\"\u00c7EL\u0130K LEVHA \u00c7EL\u0130K BOB\u0130N-2\" data-e-action-hash=\"#elementor-action%3Aaction%3Dlightbox%26settings%3DeyJpZCI6NzkwLCJ1cmwiOiJodHRwczpcL1wvbWVlbGNzdGVlbC5jb21cL3dwLWNvbnRlbnRcL3VwbG9hZHNcLzIwMjVcLzEyXC9DRUxJSy1MRVZIQS1DRUxJSy1CT0JJTi0yLXNjYWxlZC5qcGcifQ%3D%3D\">\n\t\t\t\t\t\t\t<img decoding=\"async\" width=\"900\" height=\"345\" src=\"https:\/\/meelcsteel.com\/wp-content\/uploads\/2025\/12\/CELIK-LEVHA-CELIK-BOBIN-2-1024x393.jpg\" class=\"attachment-large size-large wp-image-790\" alt=\"\" srcset=\"https:\/\/meelcsteel.com\/wp-content\/uploads\/2025\/12\/CELIK-LEVHA-CELIK-BOBIN-2-1024x393.jpg 1024w, https:\/\/meelcsteel.com\/wp-content\/uploads\/2025\/12\/CELIK-LEVHA-CELIK-BOBIN-2-768x295.jpg 768w\" sizes=\"(max-width: 900px) 100vw, 900px\" \/>\t\t\t\t\t\t\t\t<\/a>\n\t\t\t\t\t\t\t\t\t\t\t\t\t\t\t<\/div>\n\t\t\t\t<\/div>\n\t\t\t\t<\/div>\n\t\t\t\t\t<\/div>\n\t\t\t\t<\/div>\n\t\t<div class=\"elementor-element elementor-element-370a312 e-flex e-con-boxed e-con e-parent\" data-id=\"370a312\" data-element_type=\"container\" data-e-type=\"container\">\n\t\t\t\t\t<div class=\"e-con-inner\">\n\t\t<div class=\"elementor-element elementor-element-6df4b8f e-con-full e-flex e-con e-child\" data-id=\"6df4b8f\" data-element_type=\"container\" data-e-type=\"container\">\n\t\t\t\t<div class=\"elementor-element elementor-element-d95b5f0 elementor-widget elementor-widget-image\" data-id=\"d95b5f0\" data-element_type=\"widget\" data-e-type=\"widget\" data-widget_type=\"image.default\">\n\t\t\t\t<div class=\"elementor-widget-container\">\n\t\t\t\t\t\t\t\t\t\t\t\t\t\t\t\t<a href=\"https:\/\/meelcsteel.com\/wp-content\/uploads\/2026\/01\/CELIK-LEVHACELIK-BOBIN-2.jpg\" data-elementor-open-lightbox=\"yes\" data-elementor-lightbox-title=\"\u00c7EL\u0130K LEVHA\u00c7EL\u0130K BOB\u0130N-2\" data-e-action-hash=\"#elementor-action%3Aaction%3Dlightbox%26settings%3DeyJpZCI6MTE5OCwidXJsIjoiaHR0cHM6XC9cL21lZWxjc3RlZWwuY29tXC93cC1jb250ZW50XC91cGxvYWRzXC8yMDI2XC8wMVwvQ0VMSUstTEVWSEFDRUxJSy1CT0JJTi0yLmpwZyJ9\">\n\t\t\t\t\t\t\t<img decoding=\"async\" width=\"900\" height=\"345\" src=\"https:\/\/meelcsteel.com\/wp-content\/uploads\/2026\/01\/CELIK-LEVHACELIK-BOBIN-2.jpg\" class=\"attachment-large size-large wp-image-1198\" alt=\"\" srcset=\"https:\/\/meelcsteel.com\/wp-content\/uploads\/2026\/01\/CELIK-LEVHACELIK-BOBIN-2.jpg 1024w, https:\/\/meelcsteel.com\/wp-content\/uploads\/2026\/01\/CELIK-LEVHACELIK-BOBIN-2-768x295.jpg 768w\" sizes=\"(max-width: 900px) 100vw, 900px\" \/>\t\t\t\t\t\t\t\t<\/a>\n\t\t\t\t\t\t\t\t\t\t\t\t\t\t\t<\/div>\n\t\t\t\t<\/div>\n\t\t\t\t<\/div>\n\t\t<div class=\"elementor-element elementor-element-edccb6b e-con-full e-flex e-con e-child\" data-id=\"edccb6b\" data-element_type=\"container\" data-e-type=\"container\">\n\t\t\t\t<div class=\"elementor-element elementor-element-574764c elementor-widget elementor-widget-image\" data-id=\"574764c\" data-element_type=\"widget\" data-e-type=\"widget\" data-widget_type=\"image.default\">\n\t\t\t\t<div class=\"elementor-widget-container\">\n\t\t\t\t\t\t\t\t\t\t\t\t\t\t\t\t<a href=\"https:\/\/meelcsteel.com\/wp-content\/uploads\/2026\/01\/CELIK-LEVHACELIK-BOBIN-1.jpg\" data-elementor-open-lightbox=\"yes\" data-elementor-lightbox-title=\"\u00c7EL\u0130K LEVHA\u00c7EL\u0130K BOB\u0130N-1\" data-e-action-hash=\"#elementor-action%3Aaction%3Dlightbox%26settings%3DeyJpZCI6MTE5NiwidXJsIjoiaHR0cHM6XC9cL21lZWxjc3RlZWwuY29tXC93cC1jb250ZW50XC91cGxvYWRzXC8yMDI2XC8wMVwvQ0VMSUstTEVWSEFDRUxJSy1CT0JJTi0xLmpwZyJ9\">\n\t\t\t\t\t\t\t<img loading=\"lazy\" decoding=\"async\" width=\"900\" height=\"345\" src=\"https:\/\/meelcsteel.com\/wp-content\/uploads\/2026\/01\/CELIK-LEVHACELIK-BOBIN-1.jpg\" class=\"attachment-large size-large wp-image-1196\" alt=\"\" srcset=\"https:\/\/meelcsteel.com\/wp-content\/uploads\/2026\/01\/CELIK-LEVHACELIK-BOBIN-1.jpg 1024w, https:\/\/meelcsteel.com\/wp-content\/uploads\/2026\/01\/CELIK-LEVHACELIK-BOBIN-1-768x295.jpg 768w\" sizes=\"(max-width: 900px) 100vw, 900px\" \/>\t\t\t\t\t\t\t\t<\/a>\n\t\t\t\t\t\t\t\t\t\t\t\t\t\t\t<\/div>\n\t\t\t\t<\/div>\n\t\t\t\t<\/div>\n\t\t\t\t\t<\/div>\n\t\t\t\t<\/div>\n\t\t<div class=\"elementor-element elementor-element-9041602 e-flex e-con-boxed e-con e-parent\" data-id=\"9041602\" data-element_type=\"container\" data-e-type=\"container\">\n\t\t\t\t\t<div class=\"e-con-inner\">\n\t\t<div class=\"elementor-element elementor-element-41f9672 e-con-full e-flex e-con e-child\" data-id=\"41f9672\" data-element_type=\"container\" data-e-type=\"container\">\n\t\t\t\t<div class=\"elementor-element elementor-element-633d8d6 elementor-widget elementor-widget-image\" data-id=\"633d8d6\" data-element_type=\"widget\" data-e-type=\"widget\" data-widget_type=\"image.default\">\n\t\t\t\t<div class=\"elementor-widget-container\">\n\t\t\t\t\t\t\t\t\t\t\t\t\t\t\t\t<a href=\"https:\/\/meelcsteel.com\/wp-content\/uploads\/2026\/01\/CELIK-LEVHACELIK-BOBIN-3.jpg\" data-elementor-open-lightbox=\"yes\" data-elementor-lightbox-title=\"\u00c7EL\u0130K LEVHA\u00c7EL\u0130K BOB\u0130N-3\" data-e-action-hash=\"#elementor-action%3Aaction%3Dlightbox%26settings%3DeyJpZCI6MTIwMiwidXJsIjoiaHR0cHM6XC9cL21lZWxjc3RlZWwuY29tXC93cC1jb250ZW50XC91cGxvYWRzXC8yMDI2XC8wMVwvQ0VMSUstTEVWSEFDRUxJSy1CT0JJTi0zLmpwZyJ9\">\n\t\t\t\t\t\t\t<img loading=\"lazy\" decoding=\"async\" width=\"900\" height=\"345\" src=\"https:\/\/meelcsteel.com\/wp-content\/uploads\/2026\/01\/CELIK-LEVHACELIK-BOBIN-3.jpg\" class=\"attachment-large size-large wp-image-1202\" alt=\"\" srcset=\"https:\/\/meelcsteel.com\/wp-content\/uploads\/2026\/01\/CELIK-LEVHACELIK-BOBIN-3.jpg 1024w, https:\/\/meelcsteel.com\/wp-content\/uploads\/2026\/01\/CELIK-LEVHACELIK-BOBIN-3-768x295.jpg 768w\" sizes=\"(max-width: 900px) 100vw, 900px\" \/>\t\t\t\t\t\t\t\t<\/a>\n\t\t\t\t\t\t\t\t\t\t\t\t\t\t\t<\/div>\n\t\t\t\t<\/div>\n\t\t\t\t<\/div>\n\t\t<div class=\"elementor-element elementor-element-d4af13e e-con-full e-flex e-con e-child\" data-id=\"d4af13e\" data-element_type=\"container\" data-e-type=\"container\">\n\t\t\t\t<div class=\"elementor-element elementor-element-bb44f01 elementor-widget elementor-widget-image\" data-id=\"bb44f01\" data-element_type=\"widget\" data-e-type=\"widget\" data-widget_type=\"image.default\">\n\t\t\t\t<div class=\"elementor-widget-container\">\n\t\t\t\t\t\t\t\t\t\t\t\t\t\t\t\t<a href=\"https:\/\/meelcsteel.com\/wp-content\/uploads\/2026\/01\/CELIK-LEVHACELIK-BOBIN-4.jpg\" data-elementor-open-lightbox=\"yes\" data-elementor-lightbox-title=\"\u00c7EL\u0130K LEVHA\u00c7EL\u0130K BOB\u0130N-4\" data-e-action-hash=\"#elementor-action%3Aaction%3Dlightbox%26settings%3DeyJpZCI6MTIwNCwidXJsIjoiaHR0cHM6XC9cL21lZWxjc3RlZWwuY29tXC93cC1jb250ZW50XC91cGxvYWRzXC8yMDI2XC8wMVwvQ0VMSUstTEVWSEFDRUxJSy1CT0JJTi00LmpwZyJ9\">\n\t\t\t\t\t\t\t<img loading=\"lazy\" decoding=\"async\" width=\"900\" height=\"345\" src=\"https:\/\/meelcsteel.com\/wp-content\/uploads\/2026\/01\/CELIK-LEVHACELIK-BOBIN-4.jpg\" class=\"attachment-large size-large wp-image-1204\" alt=\"\" srcset=\"https:\/\/meelcsteel.com\/wp-content\/uploads\/2026\/01\/CELIK-LEVHACELIK-BOBIN-4.jpg 1024w, https:\/\/meelcsteel.com\/wp-content\/uploads\/2026\/01\/CELIK-LEVHACELIK-BOBIN-4-768x295.jpg 768w\" sizes=\"(max-width: 900px) 100vw, 900px\" \/>\t\t\t\t\t\t\t\t<\/a>\n\t\t\t\t\t\t\t\t\t\t\t\t\t\t\t<\/div>\n\t\t\t\t<\/div>\n\t\t\t\t<\/div>\n\t\t\t\t\t<\/div>\n\t\t\t\t<\/div>\n\t\t<div class=\"elementor-element elementor-element-41917bd e-flex e-con-boxed e-con e-parent\" data-id=\"41917bd\" data-element_type=\"container\" data-e-type=\"container\">\n\t\t\t\t\t<div class=\"e-con-inner\">\n\t\t\t\t<div class=\"elementor-element elementor-element-5e75685 elementor-widget elementor-widget-html\" data-id=\"5e75685\" data-element_type=\"widget\" data-e-type=\"widget\" data-widget_type=\"html.default\">\n\t\t\t\t<div class=\"elementor-widget-container\">\n\t\t\t\t\t<div class=\"wptb-container-legacy\" data-table-id=\"795\">\n    <table class=\"wptb-preview-table wptb-element-main-table_setting-287933ce-18d7-4f43-bc7f-bdde725390ca\" style=\"border-spacing: 3px 3px; border-collapse: collapse !important; min-width: 285px; border: 1px solid #000000; \" data-border-spacing-columns=\"3\" data-border-spacing-rows=\"3\" data-reconstraction=\"1\" data-wptb-table-directives=\"eyJpbm5lckJvcmRlcnMiOnsiYWN0aXZlIjoiYWxsIiwiYm9yZGVyV2lkdGgiOjEsImJvcmRlclJhZGl1c2VzIjp7ImFsbCI6MCwicm93IjowLCJjb2x1bW4iOjB9fX0=\" data-wptb-responsive-directives=\"eyJyZXNwb25zaXZlRW5hYmxlZCI6ZmFsc2UsInJlc3BvbnNpdmVNb2RlIjoiYXV0byIsInJlbGF0aXZlV2lkdGgiOiJ3aW5kb3ciLCJwcmVzZXJ2ZVJvd0NvbG9yIjpmYWxzZSwiaGVhZGVyRnVsbHlNZXJnZWQiOmZhbHNlLCJicmVha3BvaW50cyI6eyJkZXNrdG9wIjp7Im5hbWUiOiJkZXNrdG9wIiwid2lkdGgiOjEwMjR9LCJ0YWJsZXQiOnsibmFtZSI6InRhYmxldCIsIndpZHRoIjo3MDB9LCJtb2JpbGUiOnsibmFtZSI6Im1vYmlsZSIsIndpZHRoIjozNzV9fSwibW9kZU9wdGlvbnMiOnsiYXV0byI6eyJkaXNhYmxlZCI6eyJkZXNrdG9wIjpmYWxzZSwidGFibGV0IjpmYWxzZSwibW9iaWxlIjpmYWxzZX0sInRvcFJvd0FzSGVhZGVyIjp7ImRlc2t0b3AiOmZhbHNlLCJ0YWJsZXQiOnRydWUsIm1vYmlsZSI6dHJ1ZX0sInJlcGVhdE1lcmdlZEhlYWRlciI6eyJkZXNrdG9wIjp0cnVlLCJ0YWJsZXQiOnRydWUsIm1vYmlsZSI6dHJ1ZX0sInN0YXRpY1RvcFJvdyI6eyJkZXNrdG9wIjpmYWxzZSwidGFibGV0IjpmYWxzZSwibW9iaWxlIjpmYWxzZX0sImNlbGxTdGFja0RpcmVjdGlvbiI6eyJkZXNrdG9wIjoicm93IiwidGFibGV0Ijoicm93IiwibW9iaWxlIjoicm93In0sImNlbGxzUGVyUm93Ijp7ImRlc2t0b3AiOjEsInRhYmxldCI6MiwibW9iaWxlIjoxfX19fQ==\" data-wptb-cells-width-auto-count=\"2\" data-wptb-extra-styles=\"\" data-wptb-pro-pagination-top-row-header=\"false\" data-wptb-rows-per-page=\"10\" data-wptb-pro-search-top-row-header=\"false\" data-wptb-searchbar-position=\"left\" role=\"table\" data-table-columns=\"2\" data-wptb-table-alignment=\"center\" data-wptb-td-width-auto=\"120\" data-wptb-table-tds-sum-max-width=\"285\" ><tbody data-global-font-size=\"15\" ><tr  class=\"wptb-row \" style=\"\"><td class=\"wptb-cell \" colspan=\"1\" rowspan=\"1\" style=\"padding: 10px; border-width: 1px; border-color: #000000; border-style: solid; \" data-y-index=\"0\" data-x-index=\"0\" data-wptb-css-td-auto-width=\"true\" data-wptb-css-td-auto-height=\"true\" data-wptb-cell-vertical-alignment=\"center\" ><div class=\"wptb-text-container wptb-ph-element wptb-element-text-597\" style=\"\"><div style=\"position: relative;\"><p>Standard <\/p><\/div><\/div><\/td><td class=\"wptb-cell \" colspan=\"1\" rowspan=\"1\" style=\"padding: 10px; border-width: 1px; border-color: #000000; border-style: solid; \" data-y-index=\"0\" data-x-index=\"1\" data-wptb-css-td-auto-width=\"true\" data-wptb-css-td-auto-height=\"true\" data-wptb-cell-vertical-alignment=\"center\" ><div class=\"wptb-text-container wptb-ph-element wptb-element-text-598\" style=\"\"><div style=\"position: relative;\"><p>AiSi, ASTM, bs, DIN, GB, JIS <\/p><\/div><\/div><\/td><\/tr><tr  class=\"wptb-row \" style=\"\"><td class=\"wptb-cell \" colspan=\"1\" rowspan=\"1\" style=\"padding: 10px; border-width: 1px; border-color: #000000; border-style: solid; \" data-y-index=\"1\" data-x-index=\"0\" data-wptb-css-td-auto-width=\"true\" data-wptb-css-td-auto-height=\"true\" data-wptb-cell-vertical-alignment=\"center\" ><div class=\"wptb-text-container wptb-ph-element wptb-element-text-599\" style=\"\"><div style=\"position: relative;\"><p>Grade <\/p><\/div><\/div><\/td><td class=\"wptb-cell \" colspan=\"1\" rowspan=\"1\" style=\"padding: 10px; border-width: 1px; border-color: #000000; border-style: solid; \" data-y-index=\"1\" data-x-index=\"1\" data-wptb-css-td-auto-width=\"true\" data-wptb-css-td-auto-height=\"true\" data-wptb-cell-vertical-alignment=\"center\" ><div class=\"wptb-text-container wptb-ph-element wptb-element-text-600\" style=\"\"><div style=\"position: relative;\"><p>SPHC SP231-440PQ DD11JSH440W SAPH440 <\/p><\/div><\/div><\/td><\/tr><tr  class=\"wptb-row \" style=\"\"><td class=\"wptb-cell \" colspan=\"1\" rowspan=\"1\" style=\"padding: 10px; border-width: 1px; border-color: #000000; border-style: solid; \" data-y-index=\"2\" data-x-index=\"0\" data-wptb-css-td-auto-width=\"true\" data-wptb-css-td-auto-height=\"true\" data-wptb-cell-vertical-alignment=\"center\" ><div class=\"wptb-text-container wptb-ph-element wptb-element-text-601\" style=\"\"><div style=\"position: relative;\"><p>Technique<\/p><\/div><\/div><\/td><td class=\"wptb-cell \" colspan=\"1\" rowspan=\"1\" style=\"padding: 10px; border-width: 1px; border-color: #000000; border-style: solid; \" data-y-index=\"2\" data-x-index=\"1\" data-wptb-css-td-auto-width=\"true\" data-wptb-css-td-auto-height=\"true\" data-wptb-cell-vertical-alignment=\"center\" ><div class=\"wptb-text-container wptb-ph-element wptb-element-text-602\" style=\"\"><div style=\"position: relative;\"><p>Hot Rolled And Pickled<\/p><\/div><\/div><\/td><\/tr><tr  class=\"wptb-row \" style=\"\"><td class=\"wptb-cell \" colspan=\"1\" rowspan=\"1\" style=\"padding: 10px; border-width: 1px; border-color: #000000; border-style: solid; \" data-y-index=\"3\" data-x-index=\"0\" data-wptb-css-td-auto-width=\"true\" data-wptb-css-td-auto-height=\"true\" data-wptb-cell-vertical-alignment=\"center\" ><div class=\"wptb-text-container wptb-ph-element wptb-element-text-603\" style=\"\"><div style=\"position: relative;\"><p>Surface Treatment<\/p><\/div><\/div><\/td><td class=\"wptb-cell \" colspan=\"1\" rowspan=\"1\" style=\"padding: 10px; border-width: 1px; border-color: #000000; border-style: solid; \" data-y-index=\"3\" data-x-index=\"1\" data-wptb-css-td-auto-width=\"true\" data-wptb-css-td-auto-height=\"true\" data-wptb-cell-vertical-alignment=\"center\" ><div class=\"wptb-text-container wptb-ph-element wptb-element-text-604\" style=\"\"><div style=\"position: relative;\"><p>pickled<\/p><\/div><\/div><\/td><\/tr><tr  class=\"wptb-row \" style=\"\"><td class=\"wptb-cell \" colspan=\"1\" rowspan=\"1\" style=\"padding: 10px; border-width: 1px; border-color: #000000; border-style: solid; \" data-y-index=\"4\" data-x-index=\"0\" data-wptb-css-td-auto-width=\"true\" data-wptb-css-td-auto-height=\"true\" data-wptb-cell-vertical-alignment=\"center\" ><div class=\"wptb-text-container wptb-ph-element wptb-element-text-605\" style=\"\"><div style=\"position: relative;\"><p>Application <\/p><\/div><\/div><\/td><td class=\"wptb-cell \" colspan=\"1\" rowspan=\"1\" style=\"padding: 10px; border-width: 1px; border-color: #000000; border-style: solid; \" data-y-index=\"4\" data-x-index=\"1\" data-wptb-css-td-auto-width=\"true\" data-wptb-css-td-auto-height=\"true\" data-wptb-cell-vertical-alignment=\"center\" ><div class=\"wptb-text-container wptb-ph-element wptb-element-text-606\" style=\"\"><div style=\"position: relative;\"><p>Auto parts, machinery, points, shelves<\/p><\/div><\/div><\/td><\/tr><tr  class=\"wptb-row \" style=\"\"><td class=\"wptb-cell \" colspan=\"1\" rowspan=\"1\" style=\"padding: 10px; border-width: 1px; border-color: #000000; border-style: solid; \" data-y-index=\"5\" data-x-index=\"0\" data-wptb-css-td-auto-width=\"true\" data-wptb-css-td-auto-height=\"true\" data-wptb-cell-vertical-alignment=\"center\" ><div class=\"wptb-text-container wptb-ph-element wptb-element-text-607\" style=\"\"><div style=\"position: relative;\"><p>Width <\/p><\/div><\/div><\/td><td class=\"wptb-cell \" colspan=\"1\" rowspan=\"1\" style=\"padding: 10px; border-width: 1px; border-color: #000000; border-style: solid; \" data-y-index=\"5\" data-x-index=\"1\" data-wptb-css-td-auto-width=\"true\" data-wptb-css-td-auto-height=\"true\" data-wptb-cell-vertical-alignment=\"center\" ><div class=\"wptb-text-container wptb-ph-element wptb-element-text-608\" style=\"\"><div style=\"position: relative;\"><p>500mm-1500mm or as customer's requirement <\/p><\/div><\/div><\/td><\/tr><tr  class=\"wptb-row \" style=\"\"><td class=\"wptb-cell \" colspan=\"1\" rowspan=\"1\" style=\"padding: 10px; border-width: 1px; border-color: #000000; border-style: solid; \" data-y-index=\"6\" data-x-index=\"0\" data-wptb-css-td-auto-width=\"true\" data-wptb-css-td-auto-height=\"true\" data-wptb-cell-vertical-alignment=\"center\" ><div class=\"wptb-text-container wptb-ph-element wptb-element-text-609\" style=\"\"><div style=\"position: relative;\"><p>Length<\/p><\/div><\/div><\/td><td class=\"wptb-cell \" colspan=\"1\" rowspan=\"1\" style=\"padding: 10px; border-width: 1px; border-color: #000000; border-style: solid; \" data-y-index=\"6\" data-x-index=\"1\" data-wptb-css-td-auto-width=\"true\" data-wptb-css-td-auto-height=\"true\" data-wptb-cell-vertical-alignment=\"center\" ><div class=\"wptb-text-container wptb-ph-element wptb-element-text-610\" style=\"\"><div style=\"position: relative;\"><p>1m-6m or as customer's requirement<\/p><\/div><\/div><\/td><\/tr><tr  class=\"wptb-row \" style=\"\"><td class=\"wptb-cell \" colspan=\"1\" rowspan=\"1\" style=\"padding: 10px; border-width: 1px; border-color: #000000; border-style: solid; \" data-y-index=\"7\" data-x-index=\"0\" data-wptb-css-td-auto-width=\"true\" data-wptb-css-td-auto-height=\"true\" data-wptb-cell-vertical-alignment=\"center\" ><div class=\"wptb-text-container wptb-ph-element wptb-element-text-611\" style=\"\"><div style=\"position: relative;\"><p>Processing Service<\/p><\/div><\/div><\/td><td class=\"wptb-cell \" colspan=\"1\" rowspan=\"1\" style=\"padding: 10px; border-width: 1px; border-color: #000000; border-style: solid; \" data-y-index=\"7\" data-x-index=\"1\" data-wptb-css-td-auto-width=\"true\" data-wptb-css-td-auto-height=\"true\" data-wptb-cell-vertical-alignment=\"center\" ><div class=\"wptb-text-container wptb-ph-element wptb-element-text-612\" style=\"\"><div style=\"position: relative;\"><p>Bending, Welding, Decoiling, Cutting, Punching<\/p><\/div><\/div><\/td><\/tr><tr  class=\"wptb-row \" style=\"\"><td class=\"wptb-cell \" colspan=\"1\" rowspan=\"1\" style=\"padding: 10px; border-width: 1px; border-color: #000000; border-style: solid; \" data-y-index=\"8\" data-x-index=\"0\" data-wptb-css-td-auto-width=\"true\" data-wptb-css-td-auto-height=\"true\" data-wptb-cell-vertical-alignment=\"center\" ><div class=\"wptb-text-container wptb-ph-element wptb-element-text-613\" style=\"\"><div style=\"position: relative;\"><p>Shape<\/p><\/div><\/div><\/td><td class=\"wptb-cell \" colspan=\"1\" rowspan=\"1\" style=\"padding: 10px; border-width: 1px; border-color: #000000; border-style: solid; \" data-y-index=\"8\" data-x-index=\"1\" data-wptb-css-td-auto-width=\"true\" data-wptb-css-td-auto-height=\"true\" data-wptb-cell-vertical-alignment=\"center\" ><div class=\"wptb-text-container wptb-ph-element wptb-element-text-614\" style=\"\"><div style=\"position: relative;\"><p>Flat sheet\/plate <\/p><\/div><\/div><\/td><\/tr><tr  class=\"wptb-row \" style=\"\"><td class=\"wptb-cell \" colspan=\"1\" rowspan=\"1\" style=\"padding: 10px; border-width: 1px; border-color: #000000; border-style: solid; \" data-y-index=\"9\" data-x-index=\"0\" data-wptb-css-td-auto-width=\"true\" data-wptb-css-td-auto-height=\"true\" data-wptb-cell-vertical-alignment=\"center\" ><div class=\"wptb-text-container wptb-ph-element wptb-element-text-615\" style=\"\"><div style=\"position: relative;\"><p>Packing<\/p><\/div><\/div><\/td><td class=\"wptb-cell \" colspan=\"1\" rowspan=\"1\" style=\"padding: 10px; border-width: 1px; border-color: #000000; border-style: solid; \" data-y-index=\"9\" data-x-index=\"1\" data-wptb-css-td-auto-width=\"true\" data-wptb-css-td-auto-height=\"true\" data-wptb-cell-vertical-alignment=\"center\" ><div class=\"wptb-text-container wptb-ph-element wptb-element-text-616\" style=\"\"><div style=\"position: relative;\"><p>Standard Seaworthy Packing<\/p><\/div><\/div><\/td><\/tr><\/tbody><\/table>\n<\/div>\n\t\t\t\t<\/div>\n\t\t\t\t<\/div>\n\t\t\t\t\t<\/div>\n\t\t\t\t<\/div>\n\t\t\t\t<\/div>\n\t\t","protected":false},"excerpt":{"rendered":"","protected":false},"author":1,"featured_media":0,"parent":0,"menu_order":0,"comment_status":"closed","ping_status":"closed","template":"","meta":{"footnotes":""},"class_list":["post-552","page","type-page","status-publish","hentry"],"_links":{"self":[{"href":"https:\/\/meelcsteel.com\/index.php\/wp-json\/wp\/v2\/pages\/552","targetHints":{"allow":["GET"]}}],"collection":[{"href":"https:\/\/meelcsteel.com\/index.php\/wp-json\/wp\/v2\/pages"}],"about":[{"href":"https:\/\/meelcsteel.com\/index.php\/wp-json\/wp\/v2\/types\/page"}],"author":[{"embeddable":true,"href":"https:\/\/meelcsteel.com\/index.php\/wp-json\/wp\/v2\/users\/1"}],"replies":[{"embeddable":true,"href":"https:\/\/meelcsteel.com\/index.php\/wp-json\/wp\/v2\/comments?post=552"}],"version-history":[{"count":37,"href":"https:\/\/meelcsteel.com\/index.php\/wp-json\/wp\/v2\/pages\/552\/revisions"}],"predecessor-version":[{"id":1207,"href":"https:\/\/meelcsteel.com\/index.php\/wp-json\/wp\/v2\/pages\/552\/revisions\/1207"}],"wp:attachment":[{"href":"https:\/\/meelcsteel.com\/index.php\/wp-json\/wp\/v2\/media?parent=552"}],"curies":[{"name":"wp","href":"https:\/\/api.w.org\/{rel}","templated":true}]}}