{"id":925,"date":"2025-12-22T15:36:54","date_gmt":"2025-12-22T12:36:54","guid":{"rendered":"https:\/\/meelcsteel.com\/?page_id=925"},"modified":"2026-02-12T13:26:02","modified_gmt":"2026-02-12T10:26:02","slug":"paslanmaz","status":"publish","type":"page","link":"https:\/\/meelcsteel.com\/index.php\/paslanmaz\/","title":{"rendered":"Paslanmaz"},"content":{"rendered":"\t\t<div data-elementor-type=\"wp-page\" data-elementor-id=\"925\" class=\"elementor elementor-925\">\n\t\t\t\t<div class=\"elementor-element elementor-element-1401624 e-flex e-con-boxed e-con e-parent\" data-id=\"1401624\" data-element_type=\"container\" data-e-type=\"container\">\n\t\t\t\t\t<div class=\"e-con-inner\">\n\t\t<div class=\"elementor-element elementor-element-b6ced54 e-con-full e-flex e-con e-child\" data-id=\"b6ced54\" data-element_type=\"container\" data-e-type=\"container\">\n\t\t\t\t<div class=\"elementor-element elementor-element-75f9f1a elementor-widget elementor-widget-image\" data-id=\"75f9f1a\" data-element_type=\"widget\" data-e-type=\"widget\" data-widget_type=\"image.default\">\n\t\t\t\t<div class=\"elementor-widget-container\">\n\t\t\t\t\t\t\t\t\t\t\t\t<figure class=\"wp-caption\">\n\t\t\t\t\t\t\t\t\t\t\t<a href=\"https:\/\/meelcsteel.com\/index.php\/paslanmaz-celik-boru\/\">\n\t\t\t\t\t\t\t<img fetchpriority=\"high\" decoding=\"async\" width=\"480\" height=\"619\" src=\"https:\/\/meelcsteel.com\/wp-content\/uploads\/2026\/02\/Paslanmaz-Celik-Boru.jpg\" class=\"attachment-large size-large wp-image-1363\" alt=\"\" \/>\t\t\t\t\t\t\t\t<\/a>\n\t\t\t\t\t\t\t\t\t\t\t<figcaption class=\"widget-image-caption wp-caption-text\">PASLANMAZ \u00c7EL\u0130K BORU<\/figcaption>\n\t\t\t\t\t\t\t\t\t\t<\/figure>\n\t\t\t\t\t\t\t\t\t<\/div>\n\t\t\t\t<\/div>\n\t\t\t\t<\/div>\n\t\t<div class=\"elementor-element elementor-element-6924dd9 e-con-full e-flex e-con e-child\" data-id=\"6924dd9\" data-element_type=\"container\" data-e-type=\"container\">\n\t\t\t\t<div class=\"elementor-element elementor-element-2abdcf9 elementor-widget elementor-widget-image\" data-id=\"2abdcf9\" data-element_type=\"widget\" data-e-type=\"widget\" data-widget_type=\"image.default\">\n\t\t\t\t<div class=\"elementor-widget-container\">\n\t\t\t\t\t\t\t\t\t\t\t\t<figure class=\"wp-caption\">\n\t\t\t\t\t\t\t\t\t\t\t<a href=\"https:\/\/meelcsteel.com\/index.php\/paslanmaz-celik-cubuk\/\">\n\t\t\t\t\t\t\t<img decoding=\"async\" width=\"480\" height=\"619\" src=\"https:\/\/meelcsteel.com\/wp-content\/uploads\/2025\/12\/Paslanmaz-Celik-Cubuk.jpg\" class=\"attachment-large size-large wp-image-929\" alt=\"\" \/>\t\t\t\t\t\t\t\t<\/a>\n\t\t\t\t\t\t\t\t\t\t\t<figcaption class=\"widget-image-caption wp-caption-text\">PASLANMAZ \u00c7EL\u0130K \u00c7UBUK<\/figcaption>\n\t\t\t\t\t\t\t\t\t\t<\/figure>\n\t\t\t\t\t\t\t\t\t<\/div>\n\t\t\t\t<\/div>\n\t\t\t\t<\/div>\n\t\t<div class=\"elementor-element elementor-element-89ce9aa e-con-full e-flex e-con e-child\" data-id=\"89ce9aa\" data-element_type=\"container\" data-e-type=\"container\">\n\t\t\t\t<div class=\"elementor-element elementor-element-f918480 elementor-widget elementor-widget-image\" data-id=\"f918480\" data-element_type=\"widget\" data-e-type=\"widget\" data-widget_type=\"image.default\">\n\t\t\t\t<div class=\"elementor-widget-container\">\n\t\t\t\t\t\t\t\t\t\t\t\t<figure class=\"wp-caption\">\n\t\t\t\t\t\t\t\t\t\t\t<a href=\"https:\/\/meelcsteel.com\/index.php\/paslanmaz-celik-bobin-levha\/\">\n\t\t\t\t\t\t\t<img decoding=\"async\" width=\"480\" height=\"619\" src=\"https:\/\/meelcsteel.com\/wp-content\/uploads\/2026\/02\/PASLANMAZ-CELIK-BOBIN-LEVHA.jpg\" class=\"attachment-large size-large wp-image-1365\" alt=\"\" \/>\t\t\t\t\t\t\t\t<\/a>\n\t\t\t\t\t\t\t\t\t\t\t<figcaption class=\"widget-image-caption wp-caption-text\">PASLANMAZ \u00c7EL\u0130K BOB\u0130N\/LEVHA<\/figcaption>\n\t\t\t\t\t\t\t\t\t\t<\/figure>\n\t\t\t\t\t\t\t\t\t<\/div>\n\t\t\t\t<\/div>\n\t\t\t\t<\/div>\n\t\t<div class=\"elementor-element elementor-element-40cd394 e-con-full e-flex e-con e-child\" data-id=\"40cd394\" data-element_type=\"container\" data-e-type=\"container\">\n\t\t\t\t<div class=\"elementor-element elementor-element-fe386a7 elementor-widget elementor-widget-image\" data-id=\"fe386a7\" data-element_type=\"widget\" data-e-type=\"widget\" data-widget_type=\"image.default\">\n\t\t\t\t<div class=\"elementor-widget-container\">\n\t\t\t\t\t\t\t\t\t\t\t\t<figure class=\"wp-caption\">\n\t\t\t\t\t\t\t\t\t\t\t<a href=\"https:\/\/meelcsteel.com\/index.php\/paslanmaz-celik-renkli-tabaka\/\">\n\t\t\t\t\t\t\t<img loading=\"lazy\" decoding=\"async\" width=\"480\" height=\"619\" src=\"https:\/\/meelcsteel.com\/wp-content\/uploads\/2025\/12\/PASLANMAZ-CELIK-RENKLI-TABAKA.jpg\" class=\"attachment-large size-large wp-image-941\" alt=\"\" \/>\t\t\t\t\t\t\t\t<\/a>\n\t\t\t\t\t\t\t\t\t\t\t<figcaption class=\"widget-image-caption wp-caption-text\">PASLANMAZ \u00c7EL\u0130K RENKL\u0130 TABAKA<\/figcaption>\n\t\t\t\t\t\t\t\t\t\t<\/figure>\n\t\t\t\t\t\t\t\t\t<\/div>\n\t\t\t\t<\/div>\n\t\t\t\t<\/div>\n\t\t\t\t\t<\/div>\n\t\t\t\t<\/div>\n\t\t\t\t<\/div>\n\t\t","protected":false},"excerpt":{"rendered":"<p>PASLANMAZ \u00c7EL\u0130K BORU PASLANMAZ \u00c7EL\u0130K \u00c7UBUK PASLANMAZ \u00c7EL\u0130K BOB\u0130N\/LEVHA PASLANMAZ \u00c7EL\u0130K RENKL\u0130 TABAKA<\/p>\n","protected":false},"author":1,"featured_media":0,"parent":0,"menu_order":0,"comment_status":"closed","ping_status":"closed","template":"","meta":{"footnotes":""},"class_list":["post-925","page","type-page","status-publish","hentry"],"_links":{"self":[{"href":"https:\/\/meelcsteel.com\/index.php\/wp-json\/wp\/v2\/pages\/925","targetHints":{"allow":["GET"]}}],"collection":[{"href":"https:\/\/meelcsteel.com\/index.php\/wp-json\/wp\/v2\/pages"}],"about":[{"href":"https:\/\/meelcsteel.com\/index.php\/wp-json\/wp\/v2\/types\/page"}],"author":[{"embeddable":true,"href":"https:\/\/meelcsteel.com\/index.php\/wp-json\/wp\/v2\/users\/1"}],"replies":[{"embeddable":true,"href":"https:\/\/meelcsteel.com\/index.php\/wp-json\/wp\/v2\/comments?post=925"}],"version-history":[{"count":16,"href":"https:\/\/meelcsteel.com\/index.php\/wp-json\/wp\/v2\/pages\/925\/revisions"}],"predecessor-version":[{"id":1368,"href":"https:\/\/meelcsteel.com\/index.php\/wp-json\/wp\/v2\/pages\/925\/revisions\/1368"}],"wp:attachment":[{"href":"https:\/\/meelcsteel.com\/index.php\/wp-json\/wp\/v2\/media?parent=925"}],"curies":[{"name":"wp","href":"https:\/\/api.w.org\/{rel}","templated":true}]}}